{"id":43,"date":"2025-02-03T18:02:29","date_gmt":"2025-02-03T18:02:29","guid":{"rendered":"https:\/\/hallo-venray.nl\/?page_id=43"},"modified":"2025-02-03T18:02:31","modified_gmt":"2025-02-03T18:02:31","slug":"contactgegevens","status":"publish","type":"page","link":"https:\/\/hallo-venray.nl\/ro\/contactgegevens\/","title":{"rendered":"Date de contact"},"content":{"rendered":"<p>V\u0103 mul\u021bumim pentru interesul acordat <strong>Salut Venray<\/strong>. Apreciem \u00eentreb\u0103rile, sugestiile \u0219i feedback-ul dumneavoastr\u0103 despre articolele \u0219i produsele noastre. V\u0103 rug\u0103m s\u0103 ne contacta\u021bi folosind datele de mai jos sau s\u0103 folosi\u021bi formularul de contact pentru a ne trimite un mesaj direct.<\/p>\n<h2>E-mail<\/h2>\n<p>Ave\u021bi \u00eentreb\u0103ri sau comentarii? Trimite\u021bi-ne un e-mail prin <a href=\"mailto:info@hallo-venray.nl\">info@hallo-venray.nl<\/a>. Ne propunem s\u0103 r\u0103spundem \u00een termen de 24 de ore.<\/p>\n<h2>Formular de feedback<\/h2>\n<p>V\u0103 rug\u0103m s\u0103 folosi\u021bi formularul de mai jos pentru a ne contacta direct. Ne-ar pl\u0103cea s\u0103 auzim de tine!<\/p>\n<form action=\"\/ro\/verzenden\/\" method=\"\"post\"\" data-trp-original-action=\"\/verzenden\">\n        <label for=\"naam\">Nume:<\/label><br \/>\n        <input type=\"text\" id=\"naam\" name=\"naam\" required><\/p>\n<p>        <label for=\"email\">Adresa de e-mail:<\/label><br \/>\n        <input type=\"email\" id=\"email\" name=\"email\" required><\/p>\n<p>        <label for=\"onderwerp\">Subiect:<\/label><br \/>\n        <input type=\"text\" id=\"onderwerp\" name=\"onderwerp\" required><\/p>\n<p>        <label for=\"bericht\">Mesaj:<\/label><br \/>\n        <textarea id=\"bericht\" name=\"bericht\" rows=\"5\" required><\/textarea><\/p>\n<p>        <button type=\"submit\">Trimite<\/button><br \/>\n    <input type=\"hidden\" name=\"trp-form-language\" value=\"ro\"\/><\/form>","protected":false},"excerpt":{"rendered":"<p>V\u0103 mul\u021bumim pentru interesul acordat Hallo Venray. Apreciem \u00eentreb\u0103rile, sugestiile \u0219i feedback-ul dumneavoastr\u0103 cu privire la articolele \u0219i produsele noastre. V\u0103 rug\u0103m s\u0103 ne contacta\u021bi folosind informa\u021biile de mai jos sau s\u0103 folosi\u021bi formularul de contact pentru a ne trimite un mesaj direct. Adres\u0103 de e-mail Ave\u021bi...<\/p>","protected":false},"author":1,"featured_media":0,"parent":0,"menu_order":0,"comment_status":"closed","ping_status":"closed","template":"","meta":{"_acf_changed":false,"footnotes":""},"class_list":["post-43","page","type-page","status-publish","hentry"],"acf":[],"yoast_head":"<!-- This site is optimized with the Yoast SEO plugin v23.2 - https:\/\/yoast.com\/wordpress\/plugins\/seo\/ -->\n<title>Contactgegevens - hallo-venray.nl<\/title>\n<meta name=\"robots\" content=\"index, follow, max-snippet:-1, max-image-preview:large, max-video-preview:-1\" \/>\n<link rel=\"canonical\" href=\"https:\/\/hallo-venray.nl\/ro\/contactgegevens\/\" \/>\n<meta property=\"og:locale\" content=\"ro_RO\" \/>\n<meta property=\"og:type\" content=\"article\" \/>\n<meta property=\"og:title\" content=\"Contactgegevens - hallo-venray.nl\" \/>\n<meta property=\"og:description\" content=\"Bedankt voor je interesse in Hallo Venray. We waarderen jouw vragen, suggesties en feedback over onze artikelen en producten. Neem contact met ons op via de onderstaande gegevens of gebruik het contactformulier om ons direct een bericht te sturen. E-mail Heb je&#046;&#046;&#046;\" \/>\n<meta property=\"og:url\" content=\"https:\/\/hallo-venray.nl\/ro\/contactgegevens\/\" \/>\n<meta property=\"og:site_name\" content=\"hallo-venray.nl\" \/>\n<meta property=\"article:modified_time\" content=\"2025-02-03T18:02:31+00:00\" \/>\n<meta name=\"twitter:card\" content=\"summary_large_image\" \/>\n<meta name=\"twitter:label1\" content=\"Timp estimat pentru citire\" \/>\n\t<meta name=\"twitter:data1\" content=\"1 minut\" \/>\n<script type=\"application\/ld+json\" class=\"yoast-schema-graph\">{\"@context\":\"https:\/\/schema.org\",\"@graph\":[{\"@type\":\"WebPage\",\"@id\":\"https:\/\/hallo-venray.nl\/contactgegevens\/\",\"url\":\"https:\/\/hallo-venray.nl\/contactgegevens\/\",\"name\":\"Contactgegevens - hallo-venray.nl\",\"isPartOf\":{\"@id\":\"https:\/\/hallo-venray.nl\/#website\"},\"datePublished\":\"2025-02-03T18:02:29+00:00\",\"dateModified\":\"2025-02-03T18:02:31+00:00\",\"breadcrumb\":{\"@id\":\"https:\/\/hallo-venray.nl\/contactgegevens\/#breadcrumb\"},\"inLanguage\":\"ro-RO\",\"potentialAction\":[{\"@type\":\"ReadAction\",\"target\":[\"https:\/\/hallo-venray.nl\/contactgegevens\/\"]}]},{\"@type\":\"BreadcrumbList\",\"@id\":\"https:\/\/hallo-venray.nl\/contactgegevens\/#breadcrumb\",\"itemListElement\":[{\"@type\":\"ListItem\",\"position\":1,\"name\":\"Home\",\"item\":\"https:\/\/hallo-venray.nl\/\"},{\"@type\":\"ListItem\",\"position\":2,\"name\":\"Contactgegevens\"}]},{\"@type\":\"WebSite\",\"@id\":\"https:\/\/hallo-venray.nl\/#website\",\"url\":\"https:\/\/hallo-venray.nl\/\",\"name\":\"hallo-venray.nl\",\"description\":\"Alles over mode en kleding: trends, stijltips en must-haves voor jouw perfecte look\",\"potentialAction\":[{\"@type\":\"SearchAction\",\"target\":{\"@type\":\"EntryPoint\",\"urlTemplate\":\"https:\/\/hallo-venray.nl\/?s={search_term_string}\"},\"query-input\":\"required name=search_term_string\"}],\"inLanguage\":\"ro-RO\"}]}<\/script>\n<!-- \/ Yoast SEO plugin. -->","yoast_head_json":{"title":"Contactgegevens - hallo-venray.nl","robots":{"index":"index","follow":"follow","max-snippet":"max-snippet:-1","max-image-preview":"max-image-preview:large","max-video-preview":"max-video-preview:-1"},"canonical":"https:\/\/hallo-venray.nl\/ro\/contactgegevens\/","og_locale":"ro_RO","og_type":"article","og_title":"Contactgegevens - hallo-venray.nl","og_description":"Bedankt voor je interesse in Hallo Venray. We waarderen jouw vragen, suggesties en feedback over onze artikelen en producten. Neem contact met ons op via de onderstaande gegevens of gebruik het contactformulier om ons direct een bericht te sturen. E-mail Heb je&#46;&#46;&#46;","og_url":"https:\/\/hallo-venray.nl\/ro\/contactgegevens\/","og_site_name":"hallo-venray.nl","article_modified_time":"2025-02-03T18:02:31+00:00","twitter_card":"summary_large_image","twitter_misc":{"Timp estimat pentru citire":"1 minut"},"schema":{"@context":"https:\/\/schema.org","@graph":[{"@type":"WebPage","@id":"https:\/\/hallo-venray.nl\/contactgegevens\/","url":"https:\/\/hallo-venray.nl\/contactgegevens\/","name":"Contactgegevens - hallo-venray.nl","isPartOf":{"@id":"https:\/\/hallo-venray.nl\/#website"},"datePublished":"2025-02-03T18:02:29+00:00","dateModified":"2025-02-03T18:02:31+00:00","breadcrumb":{"@id":"https:\/\/hallo-venray.nl\/contactgegevens\/#breadcrumb"},"inLanguage":"ro-RO","potentialAction":[{"@type":"ReadAction","target":["https:\/\/hallo-venray.nl\/contactgegevens\/"]}]},{"@type":"BreadcrumbList","@id":"https:\/\/hallo-venray.nl\/contactgegevens\/#breadcrumb","itemListElement":[{"@type":"ListItem","position":1,"name":"Home","item":"https:\/\/hallo-venray.nl\/"},{"@type":"ListItem","position":2,"name":"Contactgegevens"}]},{"@type":"WebSite","@id":"https:\/\/hallo-venray.nl\/#website","url":"https:\/\/hallo-venray.nl\/","name":"hallo-venray.nl","description":"Alles over mode en kleding: trends, stijltips en must-haves voor jouw perfecte look","potentialAction":[{"@type":"SearchAction","target":{"@type":"EntryPoint","urlTemplate":"https:\/\/hallo-venray.nl\/?s={search_term_string}"},"query-input":"required name=search_term_string"}],"inLanguage":"ro-RO"}]}},"yoast_meta":{"yoast_wpseo_title":"","yoast_wpseo_metadesc":"","yoast_wpseo_canonical":"https:\/\/hallo-venray.nl\/ro\/wp-json\/wp\/v2\/pages\/43"},"_links":{"self":[{"href":"https:\/\/hallo-venray.nl\/ro\/wp-json\/wp\/v2\/pages\/43","targetHints":{"allow":["GET"]}}],"collection":[{"href":"https:\/\/hallo-venray.nl\/ro\/wp-json\/wp\/v2\/pages"}],"about":[{"href":"https:\/\/hallo-venray.nl\/ro\/wp-json\/wp\/v2\/types\/page"}],"author":[{"embeddable":true,"href":"https:\/\/hallo-venray.nl\/ro\/wp-json\/wp\/v2\/users\/1"}],"replies":[{"embeddable":true,"href":"https:\/\/hallo-venray.nl\/ro\/wp-json\/wp\/v2\/comments?post=43"}],"version-history":[{"count":1,"href":"https:\/\/hallo-venray.nl\/ro\/wp-json\/wp\/v2\/pages\/43\/revisions"}],"predecessor-version":[{"id":47,"href":"https:\/\/hallo-venray.nl\/ro\/wp-json\/wp\/v2\/pages\/43\/revisions\/47"}],"wp:attachment":[{"href":"https:\/\/hallo-venray.nl\/ro\/wp-json\/wp\/v2\/media?parent=43"}],"curies":[{"name":"wp","href":"https:\/\/api.w.org\/{rel}","templated":true}]}}