{"id":44,"date":"2025-02-03T18:01:18","date_gmt":"2025-02-03T18:01:18","guid":{"rendered":"https:\/\/hallo-venray.nl\/?page_id=44"},"modified":"2025-02-03T18:01:20","modified_gmt":"2025-02-03T18:01:20","slug":"over-ons","status":"publish","type":"page","link":"https:\/\/hallo-venray.nl\/ro\/over-ons\/","title":{"rendered":"Despre noi"},"content":{"rendered":"<p><strong>Bun venit pe hallo-venray.nl!<\/strong> Suntem pasiona\u021bi de mod\u0103 \u0219i tot ce \u021bine de \u00eembr\u0103c\u0103minte \u0219i stil. Misiunea noastr\u0103 este s\u0103 te inspir\u0103m cu cele mai recente tendin\u021be, sfaturi practice de stil \u0219i perspective aprofundate asupra lumii modei.<\/p>\n<p><img loading=\"lazy\" decoding=\"async\" class=\"aligncenter wp-image-45 size-full\" src=\"https:\/\/hallo-venray.nl\/wp-content\/uploads\/2025\/02\/photo-new.jpg\" alt=\"\" width=\"612\" height=\"408\" srcset=\"https:\/\/hallo-venray.nl\/wp-content\/uploads\/2025\/02\/photo-new.jpg 612w, https:\/\/hallo-venray.nl\/wp-content\/uploads\/2025\/02\/photo-new-300x200.jpg 300w\" sizes=\"auto, (max-width: 612px) 100vw, 612px\" \/><\/p>\n<h2>Ce ve\u021bi g\u0103si la noi:<\/h2>\n<ul>\n<li>Cele mai recente tendin\u021be \u00een mod\u0103 \u0219i sfaturi de stil<\/li>\n<li>Inspira\u021bie pentru fiecare ocazie<\/li>\n<li>Sfaturi practice pentru a-\u021bi \u00eembun\u0103t\u0103\u021bi garderoba<\/li>\n<li>Ghiduri pentru mod\u0103 sustenabil\u0103 \u0219i etic\u0103<\/li>\n<li>Perspective de la exper\u021bi \u0219i persoane din interior \u00een mod\u0103<\/li>\n<\/ul>\n<p>Indiferent dac\u0103 e\u0219ti \u00een c\u0103utarea inspira\u021biei pentru \u021binutele tale de zi cu zi sau vrei s\u0103 urm\u0103re\u0219ti tendin\u021bele din lumea modei, ai ajuns la locul potrivit!<\/p>\n<p>Ave\u021bi \u00eentreb\u0103ri sau dori\u021bi s\u0103 colabora\u021bi cu noi? V\u0103 rug\u0103m s\u0103 ne contacta\u021bi!<\/p>","protected":false},"excerpt":{"rendered":"<p>Bine a\u021bi venit pe hallo-venray.nl! Suntem pasiona\u021bi de mod\u0103 \u0219i de tot ce \u021bine de \u00eembr\u0103c\u0103minte \u0219i stil. Misiunea noastr\u0103 este s\u0103 v\u0103 inspir\u0103m cu cele mai recente tendin\u021be, sfaturi practice de stil \u0219i perspective aprofundate asupra lumii modei. Ce ve\u021bi g\u0103si aici:...<\/p>","protected":false},"author":1,"featured_media":0,"parent":0,"menu_order":0,"comment_status":"closed","ping_status":"closed","template":"","meta":{"_acf_changed":false,"footnotes":""},"class_list":["post-44","page","type-page","status-publish","hentry"],"acf":[],"yoast_head":"<!-- This site is optimized with the Yoast SEO plugin v23.2 - https:\/\/yoast.com\/wordpress\/plugins\/seo\/ -->\n<title>Over ons - hallo-venray.nl<\/title>\n<meta name=\"description\" content=\"Ontdek wie wij zijn! hallo-venray.nl is d\u00e9 plek voor mode-inspiratie, stijladvies en de nieuwste fashiontrends.\" \/>\n<meta name=\"robots\" content=\"index, follow, max-snippet:-1, max-image-preview:large, max-video-preview:-1\" \/>\n<link rel=\"canonical\" href=\"https:\/\/hallo-venray.nl\/ro\/over-ons\/\" \/>\n<meta property=\"og:locale\" content=\"ro_RO\" \/>\n<meta property=\"og:type\" content=\"article\" \/>\n<meta property=\"og:title\" content=\"Over ons - hallo-venray.nl\" \/>\n<meta property=\"og:description\" content=\"Ontdek wie wij zijn! hallo-venray.nl is d\u00e9 plek voor mode-inspiratie, stijladvies en de nieuwste fashiontrends.\" \/>\n<meta property=\"og:url\" content=\"https:\/\/hallo-venray.nl\/ro\/over-ons\/\" \/>\n<meta property=\"og:site_name\" content=\"hallo-venray.nl\" \/>\n<meta property=\"article:modified_time\" content=\"2025-02-03T18:01:20+00:00\" \/>\n<meta property=\"og:image\" content=\"https:\/\/hallo-venray.nl\/wp-content\/uploads\/2025\/02\/photo-new.jpg\" \/>\n<meta name=\"twitter:card\" content=\"summary_large_image\" \/>\n<meta name=\"twitter:label1\" content=\"Timp estimat pentru citire\" \/>\n\t<meta name=\"twitter:data1\" content=\"1 minut\" \/>\n<script type=\"application\/ld+json\" class=\"yoast-schema-graph\">{\"@context\":\"https:\/\/schema.org\",\"@graph\":[{\"@type\":\"WebPage\",\"@id\":\"https:\/\/hallo-venray.nl\/over-ons\/\",\"url\":\"https:\/\/hallo-venray.nl\/over-ons\/\",\"name\":\"Over ons - hallo-venray.nl\",\"isPartOf\":{\"@id\":\"https:\/\/hallo-venray.nl\/#website\"},\"primaryImageOfPage\":{\"@id\":\"https:\/\/hallo-venray.nl\/over-ons\/#primaryimage\"},\"image\":{\"@id\":\"https:\/\/hallo-venray.nl\/over-ons\/#primaryimage\"},\"thumbnailUrl\":\"https:\/\/hallo-venray.nl\/wp-content\/uploads\/2025\/02\/photo-new.jpg\",\"datePublished\":\"2025-02-03T18:01:18+00:00\",\"dateModified\":\"2025-02-03T18:01:20+00:00\",\"description\":\"Ontdek wie wij zijn! hallo-venray.nl is d\u00e9 plek voor mode-inspiratie, stijladvies en de nieuwste fashiontrends.\",\"breadcrumb\":{\"@id\":\"https:\/\/hallo-venray.nl\/over-ons\/#breadcrumb\"},\"inLanguage\":\"ro-RO\",\"potentialAction\":[{\"@type\":\"ReadAction\",\"target\":[\"https:\/\/hallo-venray.nl\/over-ons\/\"]}]},{\"@type\":\"ImageObject\",\"inLanguage\":\"ro-RO\",\"@id\":\"https:\/\/hallo-venray.nl\/over-ons\/#primaryimage\",\"url\":\"https:\/\/hallo-venray.nl\/wp-content\/uploads\/2025\/02\/photo-new.jpg\",\"contentUrl\":\"https:\/\/hallo-venray.nl\/wp-content\/uploads\/2025\/02\/photo-new.jpg\"},{\"@type\":\"BreadcrumbList\",\"@id\":\"https:\/\/hallo-venray.nl\/over-ons\/#breadcrumb\",\"itemListElement\":[{\"@type\":\"ListItem\",\"position\":1,\"name\":\"Home\",\"item\":\"https:\/\/hallo-venray.nl\/\"},{\"@type\":\"ListItem\",\"position\":2,\"name\":\"Over ons\"}]},{\"@type\":\"WebSite\",\"@id\":\"https:\/\/hallo-venray.nl\/#website\",\"url\":\"https:\/\/hallo-venray.nl\/\",\"name\":\"hallo-venray.nl\",\"description\":\"Alles over mode en kleding: trends, stijltips en must-haves voor jouw perfecte look\",\"potentialAction\":[{\"@type\":\"SearchAction\",\"target\":{\"@type\":\"EntryPoint\",\"urlTemplate\":\"https:\/\/hallo-venray.nl\/?s={search_term_string}\"},\"query-input\":\"required name=search_term_string\"}],\"inLanguage\":\"ro-RO\"}]}<\/script>\n<!-- \/ Yoast SEO plugin. -->","yoast_head_json":{"title":"Over ons - hallo-venray.nl","description":"Ontdek wie wij zijn! hallo-venray.nl is d\u00e9 plek voor mode-inspiratie, stijladvies en de nieuwste fashiontrends.","robots":{"index":"index","follow":"follow","max-snippet":"max-snippet:-1","max-image-preview":"max-image-preview:large","max-video-preview":"max-video-preview:-1"},"canonical":"https:\/\/hallo-venray.nl\/ro\/over-ons\/","og_locale":"ro_RO","og_type":"article","og_title":"Over ons - hallo-venray.nl","og_description":"Ontdek wie wij zijn! hallo-venray.nl is d\u00e9 plek voor mode-inspiratie, stijladvies en de nieuwste fashiontrends.","og_url":"https:\/\/hallo-venray.nl\/ro\/over-ons\/","og_site_name":"hallo-venray.nl","article_modified_time":"2025-02-03T18:01:20+00:00","og_image":[{"url":"https:\/\/hallo-venray.nl\/wp-content\/uploads\/2025\/02\/photo-new.jpg"}],"twitter_card":"summary_large_image","twitter_misc":{"Timp estimat pentru citire":"1 minut"},"schema":{"@context":"https:\/\/schema.org","@graph":[{"@type":"WebPage","@id":"https:\/\/hallo-venray.nl\/over-ons\/","url":"https:\/\/hallo-venray.nl\/over-ons\/","name":"Over ons - hallo-venray.nl","isPartOf":{"@id":"https:\/\/hallo-venray.nl\/#website"},"primaryImageOfPage":{"@id":"https:\/\/hallo-venray.nl\/over-ons\/#primaryimage"},"image":{"@id":"https:\/\/hallo-venray.nl\/over-ons\/#primaryimage"},"thumbnailUrl":"https:\/\/hallo-venray.nl\/wp-content\/uploads\/2025\/02\/photo-new.jpg","datePublished":"2025-02-03T18:01:18+00:00","dateModified":"2025-02-03T18:01:20+00:00","description":"Ontdek wie wij zijn! hallo-venray.nl is d\u00e9 plek voor mode-inspiratie, stijladvies en de nieuwste fashiontrends.","breadcrumb":{"@id":"https:\/\/hallo-venray.nl\/over-ons\/#breadcrumb"},"inLanguage":"ro-RO","potentialAction":[{"@type":"ReadAction","target":["https:\/\/hallo-venray.nl\/over-ons\/"]}]},{"@type":"ImageObject","inLanguage":"ro-RO","@id":"https:\/\/hallo-venray.nl\/over-ons\/#primaryimage","url":"https:\/\/hallo-venray.nl\/wp-content\/uploads\/2025\/02\/photo-new.jpg","contentUrl":"https:\/\/hallo-venray.nl\/wp-content\/uploads\/2025\/02\/photo-new.jpg"},{"@type":"BreadcrumbList","@id":"https:\/\/hallo-venray.nl\/over-ons\/#breadcrumb","itemListElement":[{"@type":"ListItem","position":1,"name":"Home","item":"https:\/\/hallo-venray.nl\/"},{"@type":"ListItem","position":2,"name":"Over ons"}]},{"@type":"WebSite","@id":"https:\/\/hallo-venray.nl\/#website","url":"https:\/\/hallo-venray.nl\/","name":"hallo-venray.nl","description":"Alles over mode en kleding: trends, stijltips en must-haves voor jouw perfecte look","potentialAction":[{"@type":"SearchAction","target":{"@type":"EntryPoint","urlTemplate":"https:\/\/hallo-venray.nl\/?s={search_term_string}"},"query-input":"required name=search_term_string"}],"inLanguage":"ro-RO"}]}},"yoast_meta":{"yoast_wpseo_title":"","yoast_wpseo_metadesc":"","yoast_wpseo_canonical":"https:\/\/hallo-venray.nl\/ro\/wp-json\/wp\/v2\/pages\/44"},"_links":{"self":[{"href":"https:\/\/hallo-venray.nl\/ro\/wp-json\/wp\/v2\/pages\/44","targetHints":{"allow":["GET"]}}],"collection":[{"href":"https:\/\/hallo-venray.nl\/ro\/wp-json\/wp\/v2\/pages"}],"about":[{"href":"https:\/\/hallo-venray.nl\/ro\/wp-json\/wp\/v2\/types\/page"}],"author":[{"embeddable":true,"href":"https:\/\/hallo-venray.nl\/ro\/wp-json\/wp\/v2\/users\/1"}],"replies":[{"embeddable":true,"href":"https:\/\/hallo-venray.nl\/ro\/wp-json\/wp\/v2\/comments?post=44"}],"version-history":[{"count":1,"href":"https:\/\/hallo-venray.nl\/ro\/wp-json\/wp\/v2\/pages\/44\/revisions"}],"predecessor-version":[{"id":46,"href":"https:\/\/hallo-venray.nl\/ro\/wp-json\/wp\/v2\/pages\/44\/revisions\/46"}],"wp:attachment":[{"href":"https:\/\/hallo-venray.nl\/ro\/wp-json\/wp\/v2\/media?parent=44"}],"curies":[{"name":"wp","href":"https:\/\/api.w.org\/{rel}","templated":true}]}}